{"id":2,"date":"2021-09-20T16:20:03","date_gmt":"2021-09-20T14:20:03","guid":{"rendered":"https:\/\/tu.moravany.eu\/?page_id=2"},"modified":"2021-09-22T11:33:55","modified_gmt":"2021-09-22T09:33:55","slug":"zkusebni-stranka","status":"publish","type":"page","link":"https:\/\/tu.moravany.eu\/","title":{"rendered":"T\u00fdden um\u011bn\u00ed"},"content":{"rendered":"<p>afffef esfsef sefes fsef s&nbsp;fsef sfs fse fsfs fse fsef sef se f fsef sef sef seafffef esfsef sefes fsef s&nbsp;fsef sfs fse fsfs fse fsef sef se f fsef sef sef seafffef esfsef sefes fsef s&nbsp;fsef sfs fse fsfs fse fsef sef se f fsef sef sef seafffef esfsef sefes fsef s&nbsp;fsef sfs fse fsfs fse fsef sef se f fsef sef sef seafffef esfsef sefes fsef s&nbsp;fsef sfs fse fsfs fse fsef sef se f fsef sef sef seafffef esfsef sefes fsef s&nbsp;fsef sfs fse fsfs fse fsef sef se f fsef sef sef seafffef esfsef sefes fsef s&nbsp;fsef sfs fse fsfs fse fsef sef se f fsef sef sef seafffef esfsef sefes fsef s&nbsp;fsef sfs fse fsfs fse fsef sef se f fsef sef sef seafffef esfsef sefes fsef s&nbsp;fsef sfs fse fsfs fse fsef sef se f fsef sef sef seafffef esfsef sefes fsef s&nbsp;fsef sfs fse fsfs fse fsef sef se f fsef sef sef seafffef esfsef sefes fsef s&nbsp;fsef sfs fse fsfs fse fsef sef se f fsef sef sef seafffef esfsef sefes fsef s&nbsp;fsef sfs fse fsfs fse fsef sef se f fsef sef sef seafffef esfsef sefes fsef s&nbsp;fsef sfs fse fsfs fse fsef sef se f fsef sef sef seafffef esfsef sefes fsef s&nbsp;fsef sfs fse fsfs fse fsef sef se f fsef sef sef seafffef esfsef sefes fsef s&nbsp;fsef sfs fse fsfs fse fsef sef se f fsef sef sef seafffef esfsef sefes fsef s&nbsp;fsef sfs fse fsfs fse fsef sef se f fsef sef sef seafffef esfsef sefes fsef s&nbsp;fsef sfs fse fsfs fse fsef sef se f fsef sef sef seafffef esfsef sefes fsef s&nbsp;fsef sfs fse fsfs fse fsef sef se f fsef sef sef seafffef esfsef sefes fsef s&nbsp;fsef sfs fse fsfs fse fsef sef se f fsef sef sef seafffef esfsef sefes fsef s&nbsp;fsef sfs fse fsfs fse fsef sef se f fsef sef sef seafffef esfsef sefes fsef s&nbsp;fsef sfs fse fsfs fse fsef sef se f fsef sef sef seafffef esfsef sefes fsef s&nbsp;fsef sfs fse fsfs fse fsef sef se f fsef sef sef seafffef esfsef sefes fsef s&nbsp;fsef sfs fse fsfs fse fsef sef se f fsef sef sef seafffef esfsef sefes fsef s&nbsp;fsef sfs fse fsfs fse fsef sef se f fsef sef sef seafffef esfsef sefes fsef s&nbsp;fsef sfs fse fsfs fse fsef sef se f fsef sef sef seafffef esfsef sefes fsef s&nbsp;fsef sfs fse fsfs fse fsef sef se f fsef sef sef seafffef esfsef sefes fsef s&nbsp;fsef sfs fse fsfs fse fsef sef se f fsef sef sef seafffef esfsef sefes fsef s&nbsp;fsef sfs fse fsfs fse fsef sef se f fsef sef sef seafffef esfsef sefes fsef s&nbsp;fsef sfs fse fsfs fse fsef sef se f fsef sef sef seafffef esfsef sefes fsef s&nbsp;fsef sfs fse fsfs fse fsef sef se f fsef sef sef seafffef esfsef sefes fsef s&nbsp;fsef sfs fse fsfs fse fsef sef se f fsef sef sef seafffef esfsef sefes fsef s&nbsp;fsef sfs fse fsfs fse fsef sef se f fsef sef sef seafffef esfsef sefes fsef s&nbsp;fsef sfs fse fsfs fse fsef sef se f fsef sef sef seafffef esfsef sefes fsef s&nbsp;fsef sfs fse fsfs fse fsef sef se f fsef sef sef seafffef esfsef sefes fsef s&nbsp;fsef sfs fse fsfs fse fsef sef se f fsef sef sef seafffef esfsef sefes fsef s&nbsp;fsef sfs fse fsfs fse fsef sef se f fsef sef sef seafffef esfsef sefes fsef s&nbsp;fsef sfs fse fsfs fse fsef sef se f fsef sef sef seafffef esfsef sefes fsef s&nbsp;fsef sfs fse fsfs fse fsef sef se f fsef sef sef seafffef esfsef sefes fsef s&nbsp;fsef sfs fse fsfs fse fsef sef se f fsef sef sef seafffef esfsef sefes fsef s&nbsp;fsef sfs fse fsfs fse fsef sef se f fsef sef sef seafffef esfsef sefes fsef s&nbsp;fsef sfs fse fsfs fse fsef sef se f fsef sef sef seafffef esfsef sefes fsef s&nbsp;fsef sfs fse fsfs fse fsef sef se f fsef sef sef seafffef esfsef sefes fsef s&nbsp;fsef sfs fse fsfs fse fsef sef se f fsef sef sef seafffef esfsef sefes fsef s&nbsp;fsef sfs fse fsfs fse fsef sef se f fsef sef sef seafffef esfsef sefes fsef s&nbsp;fsef sfs fse fsfs fse fsef sef se f fsef sef sef seafffef esfsef sefes fsef s&nbsp;fsef sfs fse fsfs fse fsef sef se f fsef sef sef seafffef esfsef sefes fsef s&nbsp;fsef sfs fse fsfs fse fsef sef se f fsef sef sef seafffef esfsef sefes fsef s&nbsp;fsef sfs fse fsfs fse fsef sef se f fsef sef sef seafffef esfsef sefes fsef s&nbsp;fsef sfs fse fsfs fse fsef sef se f fsef sef sef seafffef esfsef sefes fsef s&nbsp;fsef sfs fse fsfs fse fsef sef se f fsef sef sef seafffef esfsef sefes fsef s&nbsp;fsef sfs fse fsfs fse fsef sef se f fsef sef sef seafffef esfsef sefes fsef s&nbsp;fsef sfs fse fsfs fse fsef sef se f fsef sef sef seafffef esfsef sefes fsef s&nbsp;fsef sfs fse fsfs fse fsef sef se f fsef sef sef seafffef esfsef sefes fsef s&nbsp;fsef sfs fse fsfs fse fsef sef se f fsef sef sef seafffef esfsef sefes fsef s&nbsp;fsef sfs fse fsfs fse fsef sef se f fsef sef sef seafffef esfsef sefes fsef s&nbsp;fsef sfs fse fsfs fse fsef sef se f fsef sef sef seafffef esfsef sefes fsef s&nbsp;fsef sfs fse fsfs fse fsef sef se f fsef sef sef seafffef esfsef sefes fsef s&nbsp;fsef sfs fse fsfs fse fsef sef se f fsef sef sef seafffef esfsef sefes fsef s&nbsp;fsef sfs fse fsfs fse fsef sef se f fsef sef sef seafffef esfsef sefes fsef s&nbsp;fsef sfs fse fsfs fse fsef sef se f fsef sef sef seafffef esfsef sefes fsef s&nbsp;fsef sfs fse fsfs fse fsef sef se f fsef sef sef seafffef esfsef sefes fsef s&nbsp;fsef sfs fse fsfs fse fsef sef se f fsef sef sef seafffef esfsef sefes fsef s&nbsp;fsef sfs fse fsfs fse fsef sef se f fsef sef sef seafffef esfsef sefes fsef s&nbsp;fsef sfs fse fsfs fse fsef sef se f fsef sef sef seafffef esfsef sefes fsef s&nbsp;fsef sfs fse fsfs fse fsef sef se f fsef sef sef seafffef esfsef sefes fsef s&nbsp;fsef sfs fse fsfs fse fsef sef se f fsef sef sef seafffef esfsef sefes fsef s&nbsp;fsef sfs fse fsfs fse fsef sef se f fsef sef sef seafffef esfsef sefes fsef s&nbsp;fsef sfs fse fsfs fse fsef sef se f fsef sef sef seafffef esfsef sefes fsef s&nbsp;fsef sfs fse fsfs fse fsef sef se f fsef sef sef seafffef esfsef sefes fsef s&nbsp;fsef sfs fse fsfs fse fsef sef se f fsef sef sef seafffef esfsef sefes fsef s&nbsp;fsef sfs fse fsfs fse fsef sef se f fsef sef sef seafffef esfsef sefes fsef s&nbsp;fsef sfs fse fsfs fse fsef sef se f fsef sef sef seafffef esfsef sefes fsef s&nbsp;fsef sfs fse fsfs fse fsef sef se f fsef sef sef seafffef esfsef sefes fsef s&nbsp;fsef sfs fse fsfs fse fsef sef se f fsef sef sef seafffef esfsef sefes fsef s&nbsp;fsef sfs fse fsfs fse fsef sef se f fsef sef sef seafffef esfsef sefes fsef s&nbsp;fsef sfs fse fsfs fse fsef sef se f fsef sef sef seafffef esfsef sefes fsef s&nbsp;fsef sfs fse fsfs fse fsef sef se f fsef sef sef seafffef esfsef sefes fsef s&nbsp;fsef sfs fse fsfs fse fsef sef se f fsef sef sef seafffef esfsef sefes fsef s&nbsp;fsef sfs fse fsfs fse fsef sef se f fsef sef sef seafffef esfsef sefes fsef s&nbsp;fsef sfs fse fsfs fse fsef sef se f fsef sef sef seafffef esfsef sefes fsef s&nbsp;fsef sfs fse fsfs fse fsef sef se f fsef sef sef seafffef esfsef sefes fsef s&nbsp;fsef sfs fse fsfs fse fsef sef se f fsef sef sef se<\/p>\n<p>a<\/p>\n<p>a<\/p>\n<p>a<\/p>\n<p>a<\/p>\n<p>a<\/p>\n<p>a<\/p>\n<p>a<\/p>\n<p>a<\/p>\n<p>a<\/p>\n<p>a<\/p>\n<p>a<\/p>\n<p>a<\/p>\n<p>a<\/p>\n<p><a id=\"anchor1\" href=\"#anchor1\">aaaaaaaaaaaaaa<\/a><\/p>\n<p>a<\/p>\n<p>a<\/p>\n<p>a<\/p>\n<p>a<\/p>\n<p>a<\/p>\n<p>a<\/p>\n<p>a<\/p>\n<p>a<\/p>\n<p>a<\/p>\n<p>a<\/p>\n<p>a<\/p>\n<p>a<\/p>\n<p>a<\/p>\n<p>a<\/p>\n<p>a<\/p>\n<p>a<\/p>\n<p>a<\/p>\n<p>a<\/p>\n<p>a<\/p>\n<p>a<\/p>\n<p>a<\/p>\n<p>a<\/p>\n<p>a<\/p>\n<p>a<\/p>\n<p>a<\/p>\n<p>a<\/p>\n<p>a<\/p>\n<p>a<\/p>\n<p>a<\/p>\n<p>a<\/p>\n<p>a<\/p>\n<p>a<\/p>\n<p>a<\/p>\n<p>a<\/p>\n<p>a<\/p>\n<p>a<\/p>\n<p>a<\/p>\n<p>a<\/p>\n<p>a<\/p>\n<p>a<\/p>\n<p>a<\/p>\n<p>a<\/p>\n<p>a<\/p>\n<p>a<\/p>\n<p>a<\/p>\n<p>a<\/p>\n<p><a id=\"anchor2\" href=\"#anchor2\">aaaaaaaaaaaaaa<\/a><\/p>\n<p>a<\/p>\n<p>a<\/p>\n<p>a<\/p>\n<p>a<\/p>\n<p>a<\/p>\n<p>a<\/p>\n<p>a<\/p>\n<p>a<\/p>\n<p>a<\/p>\n<p>a<\/p>\n<p>a<\/p>\n<p>a<\/p>\n<p>a<\/p>\n<p>a<\/p>\n<p>a<\/p>\n<p>a<\/p>\n<p>a<\/p>\n<p>a<\/p>\n<p>a<\/p>\n<p>a<\/p>\n<p>a<\/p>\n<p><a id=\"anchor3\" href=\"#anchor3\">aaaaaaaaaaaaaa<\/a><\/p>\n<p>a<\/p>\n<p>a<\/p>\n<p>a<\/p>\n<p>a<\/p>\n<p>a<\/p>\n<p>a<\/p>\n<p>a<\/p>\n<p>a<\/p>\n<p>a<\/p>\n<p>a<\/p>\n<p>a<\/p>\n<p>a<\/p>\n<p>a<\/p>\n<p>a<\/p>\n<p>a<\/p>\n<p>a<\/p>\n<p>a<\/p>\n<p>a<\/p>\n<p>a<\/p>\n<p>a<\/p>\n<p>a<\/p>\n<p>a<\/p>\n<p>a<\/p>\n<p>a<\/p>\n<p>a<\/p>\n<p>a<\/p>\n<p>a<\/p>\n<p>a<\/p>\n<p>a<\/p>\n<p>a<\/p>\n<p>a<\/p>\n<p>a<\/p>\n<p>a<\/p>\n<p>a<\/p>\n<p>a<\/p>\n<p>a<\/p>\n<p>a<\/p>\n<p>a<\/p>\n<p>a<\/p>\n<p>a<\/p>\n<p>a<\/p>\n<p>a<\/p>\n<p>a<\/p>\n<p>a<\/p>\n<p>a<\/p>\n<p>a<\/p>\n<p>a<\/p>\n<p>a<\/p>\n<p>a<\/p>\n<p>a<\/p>\n<p>a<\/p>\n<p>a<\/p>\n<p>a<\/p>\n<p>a<\/p>\n<p>a<\/p>\n<p>a<\/p>\n<p>a<\/p>\n<p>a<\/p>\n<p>a<\/p>\n<p>a<\/p>\n<p>a<\/p>\n<p>a<\/p>\n<p>a<\/p>\n<p>a<\/p>\n<p>a<\/p>\n<p>a<\/p>\n<p>a<\/p>\n<p>a<\/p>\n<p>a<\/p>\n<p>&nbsp;<\/p>\n","protected":false},"excerpt":{"rendered":"afffef esfsef sefes fsef s&nbsp;fsef sfs fse fsfs fse fsef sef se f fsef sef sef seafffef esfsef sefes fsef s&nbsp;fsef sfs fse fsfs fse fsef sef se f fsef sef sef seafffef esfsef sefes fsef s&nbsp;fsef sfs fse fsfs fse fsef sef se f fsef sef sef seafffef esfsef sefes fsef s&nbsp;fsef sfs fse&#8230; <a class=\"view-article\" href=\"https:\/\/tu.moravany.eu\/\">View Article<\/a>","protected":false},"author":1,"featured_media":0,"parent":0,"menu_order":0,"comment_status":"closed","ping_status":"open","template":"template-homepage.php","meta":{"footnotes":""},"class_list":["post-2","page","type-page","status-publish","hentry"],"_links":{"self":[{"href":"https:\/\/tu.moravany.eu\/index.php\/wp-json\/wp\/v2\/pages\/2","targetHints":{"allow":["GET"]}}],"collection":[{"href":"https:\/\/tu.moravany.eu\/index.php\/wp-json\/wp\/v2\/pages"}],"about":[{"href":"https:\/\/tu.moravany.eu\/index.php\/wp-json\/wp\/v2\/types\/page"}],"author":[{"embeddable":true,"href":"https:\/\/tu.moravany.eu\/index.php\/wp-json\/wp\/v2\/users\/1"}],"replies":[{"embeddable":true,"href":"https:\/\/tu.moravany.eu\/index.php\/wp-json\/wp\/v2\/comments?post=2"}],"version-history":[{"count":12,"href":"https:\/\/tu.moravany.eu\/index.php\/wp-json\/wp\/v2\/pages\/2\/revisions"}],"predecessor-version":[{"id":102,"href":"https:\/\/tu.moravany.eu\/index.php\/wp-json\/wp\/v2\/pages\/2\/revisions\/102"}],"wp:attachment":[{"href":"https:\/\/tu.moravany.eu\/index.php\/wp-json\/wp\/v2\/media?parent=2"}],"curies":[{"name":"wp","href":"https:\/\/api.w.org\/{rel}","templated":true}]}}